{"id":20,"date":"2026-04-09T15:23:40","date_gmt":"2026-04-09T13:23:40","guid":{"rendered":"https:\/\/standoutanimation.se\/?page_id=20"},"modified":"2026-04-10T12:47:06","modified_gmt":"2026-04-10T10:47:06","slug":"hur-fungerar-det","status":"publish","type":"page","link":"https:\/\/standoutanimation.se\/index.php\/hur-fungerar-det\/","title":{"rendered":"Hur fungerar det?"},"content":{"rendered":"\n<h1 class=\"wp-block-heading\" style=\"text-transform:uppercase\">Hur fungerar det?<\/h1>\n\n\n\n<div class=\"wp-block-columns is-layout-flex wp-container-core-columns-is-layout-cbe57604 wp-block-columns-is-layout-flex\">\n<div class=\"wp-block-column has-secondary-background-color has-background is-layout-flow wp-block-column-is-layout-flow\">\n<div class=\"wp-block-group is-layout-constrained wp-container-core-group-is-layout-52009084 wp-block-group-is-layout-constrained\" style=\"padding-top:var(--wp--preset--spacing--40);padding-right:var(--wp--preset--spacing--40);padding-bottom:var(--wp--preset--spacing--40);padding-left:var(--wp--preset--spacing--40)\">\n<h2 class=\"wp-block-heading\" style=\"text-transform:uppercase\">Steg 1<\/h2>\n\n\n\n<p style=\"text-transform:uppercase\">Strategi &amp; brainstorm<\/p>\n\n\n\n<p>Vi kartl\u00e4gger er m\u00e5lgrupp och s\u00e4ljf\u00f6rdelar, v\u00e4ljer r\u00e4tt annonskoncept, tar fram id\u00e9er och skapar engagerand einneh\u00e5ll som driver f\u00f6rs\u00e4ljning.<\/p>\n<\/div>\n<\/div>\n\n\n\n<div class=\"wp-block-column has-secondary-background-color has-background is-layout-flow wp-block-column-is-layout-flow\">\n<div class=\"wp-block-group is-layout-constrained wp-container-core-group-is-layout-52009084 wp-block-group-is-layout-constrained\" style=\"padding-top:var(--wp--preset--spacing--40);padding-right:var(--wp--preset--spacing--40);padding-bottom:var(--wp--preset--spacing--40);padding-left:var(--wp--preset--spacing--40)\">\n<h2 class=\"wp-block-heading\" style=\"text-transform:uppercase\">Steg 2<\/h2>\n\n\n\n<p style=\"text-transform:uppercase\">Planering &amp; produktion<\/p>\n\n\n\n<p>V\u00e5rt team planerar och spelar in material p\u00e5 plats, var ni \u00e4n finns i Sverige. Sedan klipper, redigerar och optimerar vi flera annonsversioner f\u00f6r att hitta den som ger b\u00e4st resultat.<\/p>\n<\/div>\n<\/div>\n\n\n\n<div class=\"wp-block-column has-secondary-background-color has-background is-layout-flow wp-block-column-is-layout-flow\">\n<div class=\"wp-block-group is-layout-constrained wp-container-core-group-is-layout-52009084 wp-block-group-is-layout-constrained\" style=\"padding-top:var(--wp--preset--spacing--40);padding-right:var(--wp--preset--spacing--40);padding-bottom:var(--wp--preset--spacing--40);padding-left:var(--wp--preset--spacing--40)\">\n<h2 class=\"wp-block-heading\" style=\"text-transform:uppercase\">Steg 3<\/h2>\n\n\n\n<p style=\"text-transform:uppercase\">Leverans &amp; optimering<\/p>\n\n\n\n<p>Ni f\u00e5r snabbt ett f\u00f6rsta utkast. N\u00e4r allt \u00e4r godk\u00e4nt levererar vi f\u00e4rdigt content redo f\u00f6r publicering. D\u00e4refter m\u00e4ter vi resultatet och optimerar kontinuerligt f\u00f6r b\u00e4sta utfall.<\/p>\n<\/div>\n<\/div>\n<\/div>\n\n\n\n<p><\/p>\n","protected":false},"excerpt":{"rendered":"<p>Hur fungerar det? Steg 1 Strategi &amp; brainstorm Vi kartl\u00e4gger er m\u00e5lgrupp och s\u00e4ljf\u00f6rdelar, v\u00e4ljer r\u00e4tt annonskoncept, tar fram id\u00e9er [&hellip;]<\/p>\n","protected":false},"author":2,"featured_media":0,"parent":0,"menu_order":0,"comment_status":"closed","ping_status":"closed","template":"","meta":{"_acf_changed":false,"footnotes":""},"class_list":["post-20","page","type-page","status-publish","hentry"],"acf":[],"_links":{"self":[{"href":"https:\/\/standoutanimation.se\/index.php\/wp-json\/wp\/v2\/pages\/20","targetHints":{"allow":["GET"]}}],"collection":[{"href":"https:\/\/standoutanimation.se\/index.php\/wp-json\/wp\/v2\/pages"}],"about":[{"href":"https:\/\/standoutanimation.se\/index.php\/wp-json\/wp\/v2\/types\/page"}],"author":[{"embeddable":true,"href":"https:\/\/standoutanimation.se\/index.php\/wp-json\/wp\/v2\/users\/2"}],"replies":[{"embeddable":true,"href":"https:\/\/standoutanimation.se\/index.php\/wp-json\/wp\/v2\/comments?post=20"}],"version-history":[{"count":5,"href":"https:\/\/standoutanimation.se\/index.php\/wp-json\/wp\/v2\/pages\/20\/revisions"}],"predecessor-version":[{"id":37,"href":"https:\/\/standoutanimation.se\/index.php\/wp-json\/wp\/v2\/pages\/20\/revisions\/37"}],"wp:attachment":[{"href":"https:\/\/standoutanimation.se\/index.php\/wp-json\/wp\/v2\/media?parent=20"}],"curies":[{"name":"wp","href":"https:\/\/api.w.org\/{rel}","templated":true}]}}